{"id":14154,"date":"2026-03-31T16:25:29","date_gmt":"2026-03-31T16:25:29","guid":{"rendered":"https:\/\/develo.webempire.hu\/?page_id=14154"},"modified":"2026-03-31T16:42:58","modified_gmt":"2026-03-31T16:42:58","slug":"arak","status":"publish","type":"page","link":"https:\/\/develo.webempire.hu\/index.php\/arak\/","title":{"rendered":"\u00c1rak"},"content":{"rendered":"<div class=\"wpb-content-wrapper\"><p>[vc_row full_width=&#8221;stretch_row_content&#8221; equal_height=&#8221;yes&#8221; custom_css_code=&#8221;LmN1c3RvbS1pbmZvdGV4dCUyMC5nZW0taWNvbiUyMC5nZW0taWNvbi1pbm5lciUyQyUyMCUwQS5jdXN0b20taW5mb3RleHQlMjAuZ2VtLWljb24tdXNlLWltYWdlJTIwaW1nJTIwJTdCJTBBJTIwJTIwJTIwJTIwd2lkdGglM0ElMjAxMjBweCUyMWltcG9ydGFudCUzQiUwQSUyMCUyMCUyMCUyMGhlaWdodCUzQSUyMGF1dG8lMjFpbXBvcnRhbnQlM0IlMEElN0QlMEEuZ2VtLXRlc3RpbW9uaWFscy5zaXplLXNtYWxsJTIwLmdlbS10ZXN0aW1vbmlhbC1pbWFnZSUyQyUwQS5nZW0tdGVzdGltb25pYWwtd3JhcHBlciUyMHAlM0FhZnRlciUyQyUwQS5nZW0tdGVzdGltb25pYWxzJTIwLnRlc3RpbW9uaWFsc19zdmclMjAlN0IlMEElMjAlMjAlMjAlMjBkaXNwbGF5JTNBJTIwbm9uZSUyMWltcG9ydGFudCUzQiUwQSU3RCUwQS5nZW0tdGVzdGltb25pYWxzJTIwJTdCJTBBJTIwJTIwJTIwJTIwbWFyZ2luLWJvdHRvbSUzQSUyMDAlMjFpbXBvcnRhbnQlM0IlMEElN0QlMEElNDBtZWRpYSUyMCUyOG1heC13aWR0aCUzQSUyMDc2OHB4JTI5JTdCJTBBLmdlbS10ZXN0aW1vbmlhbHMlMjAuZ2VtLXRlc3RpbW9uaWFsLWNvbnRlbnQlMjAlN0IlMEElMjAlMjAlMjAlMjBwYWRkaW5nLXRvcCUzQSUyMDBweCUyMWltcG9ydGFudCUzQiUwQSU3RCU3RA==&#8221; css=&#8221;.vc_custom_1712842571166{margin-bottom: 0px !important;}&#8221;][vc_column width=&#8221;1\/6&#8243;][\/vc_column][vc_column width=&#8221;2\/3&#8243;][vc_row_inner css=&#8221;.vc_custom_1768212261358{margin-right: 0px !important;margin-bottom: 40px !important;margin-left: 0px !important;padding-right: 30px !important;padding-left: 30px !important;background-color: #F6FAFC !important;border-radius: 35px !important;}&#8221;][vc_column_inner]<div class=\"clearboth\"><\/div><style>#thegem-divider-69f1191d1e935 {margin-top: 20px !important;}<\/style><div id=\"thegem-divider-69f1191d1e935\" class=\"gem-divider  \" style=\"\" ><\/div><div class=\"thegem-te-heading thegem-custom-69f1191d1ea3d351\" ><div id=\"thegem-heading-69f1191d1ea03\" class=\"thegem-heading title-h2\" style=\"text-align: center;\" ><span class=\"colored\" style=\"color: #000000;\">Gy\u00f3gytorna \u00e1rlista<\/span><\/div><style type=\"text\/css\">#thegem-heading-69f1191d1ea03 {margin: 0;}#thegem-heading-69f1191d1ea03 {margin-left: auto; margin-right: auto;}#thegem-heading-69f1191d1ea03 > * {justify-content: center;}#thegem-heading-69f1191d1ea03 a:hover, #thegem-heading-69f1191d1ea03 a:hover span.colored {color: var(--thegem-to-menu-level1-color-hover, #00BCD4) !important;}<\/style><\/div><style>@media screen and (max-width: 1023px) {.thegem-te-heading.thegem-custom-69f1191d1ea3d351{display: block!important;}}@media screen and (max-width: 767px) {.thegem-te-heading.thegem-custom-69f1191d1ea3d351{display: block!important;}}@media screen and (max-width: 1023px) {.thegem-te-heading.thegem-custom-69f1191d1ea3d351{position: relative !important;}}@media screen and (max-width: 767px) {.thegem-te-heading.thegem-custom-69f1191d1ea3d351{position: relative !important;}}<\/style><div class=\"clearboth\"><\/div><style>#thegem-divider-69f1191d1ea74 {margin-top: 50px !important;}<\/style><div id=\"thegem-divider-69f1191d1ea74\" class=\"gem-divider  \" style=\"\" ><\/div><div class=\"thegem-te-heading thegem-custom-69f1191d1eb783905\" ><div id=\"thegem-heading-69f1191d1eb2c\" class=\"thegem-heading text-body\" style=\"text-align: center;\" ><span class=\"colored\" style=\"color: #000000;\">Els\u0151 konzult\u00e1ci\u00f3, beteg vizsg\u00e1lat - 17.000,- Ft<br \/>\n<br \/>\nEgy\u00e9ni kombin\u00e1lt kezel\u00e9s (30 perc) - 9.000,- Ft<br \/>\n<br \/>\nEgy\u00e9ni kombin\u00e1lt kezel\u00e9s (50 perc) - 17.000,- Ft<br \/>\n<br \/>\nCsoportos kombin\u00e1lt pilates \u00f3ra * (50 perc) - 8.000,- Ft<br \/>\n* 1 f\u0151 megjelen\u00e9se eset\u00e9n az \u00f3ra t\u00edpus egy\u00e9ni kezel\u00e9snek min\u0151s\u00fcl (17.000,- Ft)<br \/>\n<br \/>\nCsoportos Schroth k\u00f6redz\u00e9s (30 perc) - 6.000,- Ft<br \/>\n(az \u00f3rat\u00edpus pilates g\u00e9p haszn\u00e1lat\u00e1t nem tartalmazza)<br \/>\n<br \/>\nCsoportos kombin\u00e1lt Schroth k\u00f6redz\u00e9s * (50 perc) - 8.000,- Ft<br \/>\n(az \u00f3rat\u00edpus pilates g\u00e9p haszn\u00e1lat\u00e1t tartalmazhatja)<br \/>\n<br \/>\nKinesio TAPE felhelyez\u00e9s - 7.000,- Ft-t\u00f3l<br \/>\n(a kezel\u00e9sek a tape \u00e1r\u00e1t nem tartalmazz\u00e1k)<br \/>\n<br \/>\nD\u00e9v\u00e9ny ter\u00e1pia (45 perc) - 17.000,- Ft<br \/>\n<br \/>\nGy\u00f3gytorna mozg\u00e1sst\u00e1tusz kiad\u00e1sa \u00edr\u00e1sban (2 h\u00e9ten bel\u00fcl) - 10.000,- Ft<br \/>\n<br \/>\nOtthoni feladatsor \u00f6ssze\u00e1ll\u00edt\u00e1sa- 10.000,- Ft<\/span><\/div><style type=\"text\/css\">#thegem-heading-69f1191d1eb2c {margin: 0;}#thegem-heading-69f1191d1eb2c {margin-left: auto; margin-right: auto;}#thegem-heading-69f1191d1eb2c > * {justify-content: center;}#thegem-heading-69f1191d1eb2c a:hover, #thegem-heading-69f1191d1eb2c a:hover span.colored {color: var(--thegem-to-menu-level1-color-hover, #00BCD4) !important;}<\/style><\/div><style>@media screen and (max-width: 1023px) {.thegem-te-heading.thegem-custom-69f1191d1eb783905{display: block!important;}}@media screen and (max-width: 767px) {.thegem-te-heading.thegem-custom-69f1191d1eb783905{display: block!important;}}@media screen and (max-width: 1023px) {.thegem-te-heading.thegem-custom-69f1191d1eb783905{position: relative !important;}}@media screen and (max-width: 767px) {.thegem-te-heading.thegem-custom-69f1191d1eb783905{position: relative !important;}}<\/style><div class=\"clearboth\"><\/div><style>#thegem-divider-69f1191d1eba5 {margin-top: 60px !important;}<\/style><div id=\"thegem-divider-69f1191d1eba5\" class=\"gem-divider  \" style=\"\" ><\/div>[\/vc_column_inner][\/vc_row_inner][\/vc_column][vc_column width=&#8221;1\/6&#8243;][\/vc_column][\/vc_row]<\/p>\n<\/div>","protected":false},"excerpt":{"rendered":"<p>[vc_row full_width=&#8221;stretch_row_content&#8221; equal_height=&#8221;yes&#8221; custom_css_code=&#8221;LmN1c3RvbS1pbmZvdGV4dCUyMC5nZW0taWNvbiUyMC5nZW0taWNvbi1pbm5lciUyQyUyMCUwQS5jdXN0b20taW5mb3RleHQlMjAuZ2VtLWljb24tdXNlLWltYWdlJTIwaW1nJTIwJTdCJTBBJTIwJTIwJTIwJTIwd2lkdGglM0ElMjAxMjBweCUyMWltcG9ydGFudCUzQiUwQSUyMCUyMCUyMCUyMGhlaWdodCUzQSUyMGF1dG8lMjFpbXBvcnRhbnQlM0IlMEElN0QlMEEuZ2VtLXRlc3RpbW9uaWFscy5zaXplLXNtYWxsJTIwLmdlbS10ZXN0aW1vbmlhbC1pbWFnZSUyQyUwQS5nZW0tdGVzdGltb25pYWwtd3JhcHBlciUyMHAlM0FhZnRlciUyQyUwQS5nZW0tdGVzdGltb25pYWxzJTIwLnRlc3RpbW9uaWFsc19zdmclMjAlN0IlMEElMjAlMjAlMjAlMjBkaXNwbGF5JTNBJTIwbm9uZSUyMWltcG9ydGFudCUzQiUwQSU3RCUwQS5nZW0tdGVzdGltb25pYWxzJTIwJTdCJTBBJTIwJTIwJTIwJTIwbWFyZ2luLWJvdHRvbSUzQSUyMDAlMjFpbXBvcnRhbnQlM0IlMEElN0QlMEElNDBtZWRpYSUyMCUyOG1heC13aWR0aCUzQSUyMDc2OHB4JTI5JTdCJTBBLmdlbS10ZXN0aW1vbmlhbHMlMjAuZ2VtLXRlc3RpbW9uaWFsLWNvbnRlbnQlMjAlN0IlMEElMjAlMjAlMjAlMjBwYWRkaW5nLXRvcCUzQSUyMDBweCUyMWltcG9ydGFudCUzQiUwQSU3RCU3RA==&#8221; css=&#8221;.vc_custom_1712842571166{margin-bottom: 0px !important;}&#8221;][vc_column width=&#8221;1\/6&#8243;][\/vc_column][vc_column width=&#8221;2\/3&#8243;][vc_row_inner css=&#8221;.vc_custom_1768212261358{margin-right: 0px !important;margin-bottom: 40px !important;margin-left: 0px !important;padding-right: 30px !important;padding-left: 30px !important;background-color:&#8230;<\/p>\n","protected":false},"author":1,"featured_media":14045,"parent":0,"menu_order":0,"comment_status":"closed","ping_status":"open","template":"","meta":{"_acf_changed":false,"footnotes":""},"class_list":["post-14154","page","type-page","status-publish","has-post-thumbnail"],"acf":[],"yoast_head":"<!-- This site is optimized with the Yoast SEO plugin v27.0 - https:\/\/yoast.com\/product\/yoast-seo-wordpress\/ -->\n<title>\u00c1rak - Develomed Gy\u00f3gytorna %gy\u00f3gytorna<\/title>\n<meta name=\"description\" content=\"Gy\u00f3gytorna minden koroszt\u00e1lynak. A feln\u0151ttek mellett gyerekeket \u00e9s tin\u00e9dzsereket is v\u00e1runk. A gy\u00f3gytorna egy v\u00e1ltozatos \u00e9s \u00e9lvezhet\u0151 mozg\u00e1sforma, c\u00e9lunk, hogy akik hozz\u00e1nk j\u00e1rnak, megszeress\u00e9k a mozg\u00e1st.\" \/>\n<meta name=\"robots\" content=\"index, follow, max-snippet:-1, max-image-preview:large, max-video-preview:-1\" \/>\n<link rel=\"canonical\" href=\"https:\/\/develo.webempire.hu\/index.php\/arak\/\" \/>\n<meta property=\"og:locale\" content=\"hu_HU\" \/>\n<meta property=\"og:type\" content=\"article\" \/>\n<meta property=\"og:title\" content=\"\u00c1rak - Develomed Gy\u00f3gytorna %gy\u00f3gytorna\" \/>\n<meta property=\"og:description\" content=\"Gy\u00f3gytorna minden koroszt\u00e1lynak. A feln\u0151ttek mellett gyerekeket \u00e9s tin\u00e9dzsereket is v\u00e1runk. A gy\u00f3gytorna egy v\u00e1ltozatos \u00e9s \u00e9lvezhet\u0151 mozg\u00e1sforma, c\u00e9lunk, hogy akik hozz\u00e1nk j\u00e1rnak, megszeress\u00e9k a mozg\u00e1st.\" \/>\n<meta property=\"og:url\" content=\"https:\/\/develo.webempire.hu\/index.php\/arak\/\" \/>\n<meta property=\"og:site_name\" content=\"Develomed Gy\u00f3gytorna\" \/>\n<meta property=\"article:publisher\" content=\"https:\/\/www.facebook.com\/profile.php?id=100063507312934\" \/>\n<meta property=\"article:modified_time\" content=\"2026-03-31T16:42:58+00:00\" \/>\n<meta property=\"og:image\" content=\"https:\/\/develo.webempire.hu\/wp-content\/uploads\/2026\/01\/kiemeltkep_kapcsolat-1.jpg\" \/>\n\t<meta property=\"og:image:width\" content=\"1200\" \/>\n\t<meta property=\"og:image:height\" content=\"600\" \/>\n\t<meta property=\"og:image:type\" content=\"image\/jpeg\" \/>\n<meta name=\"twitter:card\" content=\"summary_large_image\" \/>\n<meta name=\"twitter:label1\" content=\"Becs\u00fclt olvas\u00e1si id\u0151\" \/>\n\t<meta name=\"twitter:data1\" content=\"1 perc\" \/>\n<script type=\"application\/ld+json\" class=\"yoast-schema-graph\">{\"@context\":\"https:\/\/schema.org\",\"@graph\":[{\"@type\":\"WebPage\",\"@id\":\"https:\/\/develo.webempire.hu\/index.php\/arak\/\",\"url\":\"https:\/\/develo.webempire.hu\/index.php\/arak\/\",\"name\":\"\u00c1rak - Develomed Gy\u00f3gytorna %gy\u00f3gytorna\",\"isPartOf\":{\"@id\":\"https:\/\/develo.webempire.hu\/#website\"},\"primaryImageOfPage\":{\"@id\":\"https:\/\/develo.webempire.hu\/index.php\/arak\/#primaryimage\"},\"image\":{\"@id\":\"https:\/\/develo.webempire.hu\/index.php\/arak\/#primaryimage\"},\"thumbnailUrl\":\"https:\/\/develo.webempire.hu\/wp-content\/uploads\/2026\/01\/kiemeltkep_kapcsolat-1.jpg\",\"datePublished\":\"2026-03-31T16:25:29+00:00\",\"dateModified\":\"2026-03-31T16:42:58+00:00\",\"description\":\"Gy\u00f3gytorna minden koroszt\u00e1lynak. A feln\u0151ttek mellett gyerekeket \u00e9s tin\u00e9dzsereket is v\u00e1runk. A gy\u00f3gytorna egy v\u00e1ltozatos \u00e9s \u00e9lvezhet\u0151 mozg\u00e1sforma, c\u00e9lunk, hogy akik hozz\u00e1nk j\u00e1rnak, megszeress\u00e9k a mozg\u00e1st.\",\"breadcrumb\":{\"@id\":\"https:\/\/develo.webempire.hu\/index.php\/arak\/#breadcrumb\"},\"inLanguage\":\"hu\",\"potentialAction\":[{\"@type\":\"ReadAction\",\"target\":[\"https:\/\/develo.webempire.hu\/index.php\/arak\/\"]}]},{\"@type\":\"ImageObject\",\"inLanguage\":\"hu\",\"@id\":\"https:\/\/develo.webempire.hu\/index.php\/arak\/#primaryimage\",\"url\":\"https:\/\/develo.webempire.hu\/wp-content\/uploads\/2026\/01\/kiemeltkep_kapcsolat-1.jpg\",\"contentUrl\":\"https:\/\/develo.webempire.hu\/wp-content\/uploads\/2026\/01\/kiemeltkep_kapcsolat-1.jpg\",\"width\":1200,\"height\":600},{\"@type\":\"BreadcrumbList\",\"@id\":\"https:\/\/develo.webempire.hu\/index.php\/arak\/#breadcrumb\",\"itemListElement\":[{\"@type\":\"ListItem\",\"position\":1,\"name\":\"Kezd\u0151lap\",\"item\":\"https:\/\/develo.webempire.hu\/\"},{\"@type\":\"ListItem\",\"position\":2,\"name\":\"\u00c1rak\"}]},{\"@type\":\"WebSite\",\"@id\":\"https:\/\/develo.webempire.hu\/#website\",\"url\":\"https:\/\/develo.webempire.hu\/\",\"name\":\"Develomed Gy\u00f3gytorna\",\"description\":\"Gy\u00f3gytorna minden koroszt\u00e1lynak\",\"publisher\":{\"@id\":\"https:\/\/develo.webempire.hu\/#organization\"},\"potentialAction\":[{\"@type\":\"SearchAction\",\"target\":{\"@type\":\"EntryPoint\",\"urlTemplate\":\"https:\/\/develo.webempire.hu\/?s={search_term_string}\"},\"query-input\":{\"@type\":\"PropertyValueSpecification\",\"valueRequired\":true,\"valueName\":\"search_term_string\"}}],\"inLanguage\":\"hu\"},{\"@type\":\"Organization\",\"@id\":\"https:\/\/develo.webempire.hu\/#organization\",\"name\":\"Develomed Gy\u00f3gytorna\",\"url\":\"https:\/\/develo.webempire.hu\/\",\"logo\":{\"@type\":\"ImageObject\",\"inLanguage\":\"hu\",\"@id\":\"https:\/\/develo.webempire.hu\/#\/schema\/logo\/image\/\",\"url\":\"https:\/\/develo.webempire.hu\/wp-content\/uploads\/2025\/10\/logo_footer_gyor.svg\",\"contentUrl\":\"https:\/\/develo.webempire.hu\/wp-content\/uploads\/2025\/10\/logo_footer_gyor.svg\",\"width\":1,\"height\":1,\"caption\":\"Develomed Gy\u00f3gytorna\"},\"image\":{\"@id\":\"https:\/\/develo.webempire.hu\/#\/schema\/logo\/image\/\"},\"sameAs\":[\"https:\/\/www.facebook.com\/profile.php?id=100063507312934\"]}]}<\/script>\n<!-- \/ Yoast SEO plugin. -->","yoast_head_json":{"title":"\u00c1rak - Develomed Gy\u00f3gytorna %gy\u00f3gytorna","description":"Gy\u00f3gytorna minden koroszt\u00e1lynak. A feln\u0151ttek mellett gyerekeket \u00e9s tin\u00e9dzsereket is v\u00e1runk. A gy\u00f3gytorna egy v\u00e1ltozatos \u00e9s \u00e9lvezhet\u0151 mozg\u00e1sforma, c\u00e9lunk, hogy akik hozz\u00e1nk j\u00e1rnak, megszeress\u00e9k a mozg\u00e1st.","robots":{"index":"index","follow":"follow","max-snippet":"max-snippet:-1","max-image-preview":"max-image-preview:large","max-video-preview":"max-video-preview:-1"},"canonical":"https:\/\/develo.webempire.hu\/index.php\/arak\/","og_locale":"hu_HU","og_type":"article","og_title":"\u00c1rak - Develomed Gy\u00f3gytorna %gy\u00f3gytorna","og_description":"Gy\u00f3gytorna minden koroszt\u00e1lynak. A feln\u0151ttek mellett gyerekeket \u00e9s tin\u00e9dzsereket is v\u00e1runk. A gy\u00f3gytorna egy v\u00e1ltozatos \u00e9s \u00e9lvezhet\u0151 mozg\u00e1sforma, c\u00e9lunk, hogy akik hozz\u00e1nk j\u00e1rnak, megszeress\u00e9k a mozg\u00e1st.","og_url":"https:\/\/develo.webempire.hu\/index.php\/arak\/","og_site_name":"Develomed Gy\u00f3gytorna","article_publisher":"https:\/\/www.facebook.com\/profile.php?id=100063507312934","article_modified_time":"2026-03-31T16:42:58+00:00","og_image":[{"width":1200,"height":600,"url":"https:\/\/develo.webempire.hu\/wp-content\/uploads\/2026\/01\/kiemeltkep_kapcsolat-1.jpg","type":"image\/jpeg"}],"twitter_card":"summary_large_image","twitter_misc":{"Becs\u00fclt olvas\u00e1si id\u0151":"1 perc"},"schema":{"@context":"https:\/\/schema.org","@graph":[{"@type":"WebPage","@id":"https:\/\/develo.webempire.hu\/index.php\/arak\/","url":"https:\/\/develo.webempire.hu\/index.php\/arak\/","name":"\u00c1rak - Develomed Gy\u00f3gytorna %gy\u00f3gytorna","isPartOf":{"@id":"https:\/\/develo.webempire.hu\/#website"},"primaryImageOfPage":{"@id":"https:\/\/develo.webempire.hu\/index.php\/arak\/#primaryimage"},"image":{"@id":"https:\/\/develo.webempire.hu\/index.php\/arak\/#primaryimage"},"thumbnailUrl":"https:\/\/develo.webempire.hu\/wp-content\/uploads\/2026\/01\/kiemeltkep_kapcsolat-1.jpg","datePublished":"2026-03-31T16:25:29+00:00","dateModified":"2026-03-31T16:42:58+00:00","description":"Gy\u00f3gytorna minden koroszt\u00e1lynak. A feln\u0151ttek mellett gyerekeket \u00e9s tin\u00e9dzsereket is v\u00e1runk. A gy\u00f3gytorna egy v\u00e1ltozatos \u00e9s \u00e9lvezhet\u0151 mozg\u00e1sforma, c\u00e9lunk, hogy akik hozz\u00e1nk j\u00e1rnak, megszeress\u00e9k a mozg\u00e1st.","breadcrumb":{"@id":"https:\/\/develo.webempire.hu\/index.php\/arak\/#breadcrumb"},"inLanguage":"hu","potentialAction":[{"@type":"ReadAction","target":["https:\/\/develo.webempire.hu\/index.php\/arak\/"]}]},{"@type":"ImageObject","inLanguage":"hu","@id":"https:\/\/develo.webempire.hu\/index.php\/arak\/#primaryimage","url":"https:\/\/develo.webempire.hu\/wp-content\/uploads\/2026\/01\/kiemeltkep_kapcsolat-1.jpg","contentUrl":"https:\/\/develo.webempire.hu\/wp-content\/uploads\/2026\/01\/kiemeltkep_kapcsolat-1.jpg","width":1200,"height":600},{"@type":"BreadcrumbList","@id":"https:\/\/develo.webempire.hu\/index.php\/arak\/#breadcrumb","itemListElement":[{"@type":"ListItem","position":1,"name":"Kezd\u0151lap","item":"https:\/\/develo.webempire.hu\/"},{"@type":"ListItem","position":2,"name":"\u00c1rak"}]},{"@type":"WebSite","@id":"https:\/\/develo.webempire.hu\/#website","url":"https:\/\/develo.webempire.hu\/","name":"Develomed Gy\u00f3gytorna","description":"Gy\u00f3gytorna minden koroszt\u00e1lynak","publisher":{"@id":"https:\/\/develo.webempire.hu\/#organization"},"potentialAction":[{"@type":"SearchAction","target":{"@type":"EntryPoint","urlTemplate":"https:\/\/develo.webempire.hu\/?s={search_term_string}"},"query-input":{"@type":"PropertyValueSpecification","valueRequired":true,"valueName":"search_term_string"}}],"inLanguage":"hu"},{"@type":"Organization","@id":"https:\/\/develo.webempire.hu\/#organization","name":"Develomed Gy\u00f3gytorna","url":"https:\/\/develo.webempire.hu\/","logo":{"@type":"ImageObject","inLanguage":"hu","@id":"https:\/\/develo.webempire.hu\/#\/schema\/logo\/image\/","url":"https:\/\/develo.webempire.hu\/wp-content\/uploads\/2025\/10\/logo_footer_gyor.svg","contentUrl":"https:\/\/develo.webempire.hu\/wp-content\/uploads\/2025\/10\/logo_footer_gyor.svg","width":1,"height":1,"caption":"Develomed Gy\u00f3gytorna"},"image":{"@id":"https:\/\/develo.webempire.hu\/#\/schema\/logo\/image\/"},"sameAs":["https:\/\/www.facebook.com\/profile.php?id=100063507312934"]}]}},"_links":{"self":[{"href":"https:\/\/develo.webempire.hu\/index.php\/wp-json\/wp\/v2\/pages\/14154","targetHints":{"allow":["GET"]}}],"collection":[{"href":"https:\/\/develo.webempire.hu\/index.php\/wp-json\/wp\/v2\/pages"}],"about":[{"href":"https:\/\/develo.webempire.hu\/index.php\/wp-json\/wp\/v2\/types\/page"}],"author":[{"embeddable":true,"href":"https:\/\/develo.webempire.hu\/index.php\/wp-json\/wp\/v2\/users\/1"}],"replies":[{"embeddable":true,"href":"https:\/\/develo.webempire.hu\/index.php\/wp-json\/wp\/v2\/comments?post=14154"}],"version-history":[{"count":4,"href":"https:\/\/develo.webempire.hu\/index.php\/wp-json\/wp\/v2\/pages\/14154\/revisions"}],"predecessor-version":[{"id":14157,"href":"https:\/\/develo.webempire.hu\/index.php\/wp-json\/wp\/v2\/pages\/14154\/revisions\/14157"}],"wp:featuredmedia":[{"embeddable":true,"href":"https:\/\/develo.webempire.hu\/index.php\/wp-json\/wp\/v2\/media\/14045"}],"wp:attachment":[{"href":"https:\/\/develo.webempire.hu\/index.php\/wp-json\/wp\/v2\/media?parent=14154"}],"curies":[{"name":"wp","href":"https:\/\/api.w.org\/{rel}","templated":true}]}}