{"id":13934,"date":"2026-01-15T14:18:29","date_gmt":"2026-01-15T14:18:29","guid":{"rendered":"https:\/\/develo.webempire.hu\/?page_id=13934"},"modified":"2026-02-20T09:46:19","modified_gmt":"2026-02-20T09:46:19","slug":"hazirend","status":"publish","type":"page","link":"https:\/\/develo.webempire.hu\/index.php\/hazirend\/","title":{"rendered":"H\u00e1zirend"},"content":{"rendered":"<div class=\"wpb-content-wrapper\"><p>[vc_row full_width=&#8221;stretch_row_content&#8221; equal_height=&#8221;yes&#8221; custom_css_code=&#8221;LmN1c3RvbS1pbmZvdGV4dCUyMC5nZW0taWNvbiUyMC5nZW0taWNvbi1pbm5lciUyQyUyMCUwQS5jdXN0b20taW5mb3RleHQlMjAuZ2VtLWljb24tdXNlLWltYWdlJTIwaW1nJTIwJTdCJTBBJTIwJTIwJTIwJTIwd2lkdGglM0ElMjAxMjBweCUyMWltcG9ydGFudCUzQiUwQSUyMCUyMCUyMCUyMGhlaWdodCUzQSUyMGF1dG8lMjFpbXBvcnRhbnQlM0IlMEElN0QlMEEuZ2VtLXRlc3RpbW9uaWFscy5zaXplLXNtYWxsJTIwLmdlbS10ZXN0aW1vbmlhbC1pbWFnZSUyQyUwQS5nZW0tdGVzdGltb25pYWwtd3JhcHBlciUyMHAlM0FhZnRlciUyQyUwQS5nZW0tdGVzdGltb25pYWxzJTIwLnRlc3RpbW9uaWFsc19zdmclMjAlN0IlMEElMjAlMjAlMjAlMjBkaXNwbGF5JTNBJTIwbm9uZSUyMWltcG9ydGFudCUzQiUwQSU3RCUwQS5nZW0tdGVzdGltb25pYWxzJTIwJTdCJTBBJTIwJTIwJTIwJTIwbWFyZ2luLWJvdHRvbSUzQSUyMDAlMjFpbXBvcnRhbnQlM0IlMEElN0QlMEElNDBtZWRpYSUyMCUyOG1heC13aWR0aCUzQSUyMDc2OHB4JTI5JTdCJTBBLmdlbS10ZXN0aW1vbmlhbHMlMjAuZ2VtLXRlc3RpbW9uaWFsLWNvbnRlbnQlMjAlN0IlMEElMjAlMjAlMjAlMjBwYWRkaW5nLXRvcCUzQSUyMDBweCUyMWltcG9ydGFudCUzQiUwQSU3RCU3RA==&#8221; css=&#8221;.vc_custom_1712842571166{margin-bottom: 0px !important;}&#8221;][vc_column width=&#8221;1\/6&#8243;][\/vc_column][vc_column width=&#8221;2\/3&#8243;][vc_row_inner css=&#8221;.vc_custom_1768212261358{margin-right: 0px !important;margin-bottom: 40px !important;margin-left: 0px !important;padding-right: 30px !important;padding-left: 30px !important;background-color: #F6FAFC !important;border-radius: 35px !important;}&#8221;][vc_column_inner]<div class=\"clearboth\"><\/div><style>#thegem-divider-69f117218cb83 {margin-top: 20px !important;}<\/style><div id=\"thegem-divider-69f117218cb83\" class=\"gem-divider  \" style=\"\" ><\/div><div class=\"thegem-te-heading thegem-custom-69f117218cca53067\" ><div id=\"thegem-heading-69f117218cc53\" class=\"thegem-heading title-h5\" style=\"text-align: left;\" ><span class=\"colored\" style=\"color: #000000;\">A Develomed Gy\u00f3gytorna b\u00e1rmely szolg\u00e1ltat\u00e1s\u00e1nak ig\u00e9nybev\u00e9tele a h\u00e1zirend egyidej\u0171 elfogad\u00e1s\u00e1t jelenti.<\/span><\/div><style type=\"text\/css\">#thegem-heading-69f117218cc53 {margin: 0;}#thegem-heading-69f117218cc53 a:hover, #thegem-heading-69f117218cc53 a:hover span.colored {color: var(--thegem-to-menu-level1-color-hover, #00BCD4) !important;}<\/style><\/div><style>@media screen and (max-width: 1023px) {.thegem-te-heading.thegem-custom-69f117218cca53067{display: block!important;}}@media screen and (max-width: 767px) {.thegem-te-heading.thegem-custom-69f117218cca53067{display: block!important;}}@media screen and (max-width: 1023px) {.thegem-te-heading.thegem-custom-69f117218cca53067{position: relative !important;}}@media screen and (max-width: 767px) {.thegem-te-heading.thegem-custom-69f117218cca53067{position: relative !important;}}<\/style><div class=\"clearboth\"><\/div><style>#thegem-divider-69f117218cce3 {margin-top: 40px !important;}<\/style><div id=\"thegem-divider-69f117218cce3\" class=\"gem-divider  \" style=\"\" ><\/div><div class=\"thegem-te-heading thegem-custom-69f117218ce1f5528\" ><div id=\"thegem-heading-69f117218cdab\" class=\"thegem-heading text-body\" style=\"text-align: left;\" ><span class=\"colored\" style=\"color: #000000;\">BEJELENTKEZ\u00c9S, KAPCSOLATTART\u00c1S<br \/>\n<br \/>\nA gy\u00f3gytorna st\u00fadi\u00f3 kezel\u00e9seit el\u0151zetes bejelentkez\u00e9s \u00e9s id\u0151pontfoglal\u00e1s megl\u00e9te eset\u00e9n lehet ig\u00e9nybe venni.<br \/>\nGy\u00f3gytorna vizsg\u00e1latra, kezel\u00e9sre id\u0151pontot egyeztetni h\u00e9tf\u0151t\u0151l \u2013 p\u00e9ntekig, munkanapokon 8.00-17.00 \u00f3ra k\u00f6z\u00f6tt van lehet\u0151s\u00e9g a megadott el\u00e9rhet\u0151s\u00e9geken. Az el\u00e9rhet\u0151s\u00e9geket a h\u00e1zirend v\u00e9g\u00e9n ismertetj\u00fck, illetve weboldalunk \u201ckapcsolat\u201d r\u00e9sz\u00e9n is megtal\u00e1lhat\u00f3k.<br \/>\n<br \/>\nAz adatv\u00e9delemre vonatkoz\u00f3 szab\u00e1lyoz\u00e1s ok\u00e1n a szem\u00e9lyes adatokat is regisztr\u00e1l\u00f3 id\u0151pont-egyeztet\u00e9sre \u00e9s kapcsolattart\u00e1sra a megadott el\u00e9rhet\u0151s\u00e9geken van lehet\u0151s\u00e9g (telefon, e-mail).<br \/>\n<br \/>\n\u00c9RKEZ\u00c9S, FOGAD\u00c1S, KEZEL\u00c9S<br \/>\n<br \/>\nA tisztas\u00e1g meg\u00f3v\u00e1sa \u00e9rdek\u00e9ben k\u00e9rj\u00fck az utcai cip\u0151t az erre a c\u00e9lra kialak\u00edtott t\u00e1rol\u00f3 szekr\u00e9nyen elhelyezni \u00e9s a kik\u00e9sz\u00edtett vend\u00e9gpapucsokat haszn\u00e1lni. K\u00e9rj\u00fck az \u00f6lt\u00f6z\u0151 \u00e9s a mosd\u00f3 ter\u00fclet\u00e9n is papucsban vagy zokniban k\u00f6zlekedjenek \u00e9s tart\u00f3zkodjanak. A higi\u00e9nia betart\u00e1sa \u00e9rdek\u00e9ben a zokni visel\u00e9se k\u00f6telez\u0151!<br \/>\n<br \/>\nAz \u00f6lt\u00f6z\u0151 f\u00fclk\u00e9kben lehet\u0151s\u00e9g van a kezel\u00e9shez \u00e1t\u00f6lt\u00f6zni. K\u00e9rj\u00fck, hogy utcai cip\u0151ben az \u00f6lt\u00f6z\u0151be se l\u00e9pjenek be! Az \u00f6lt\u00f6z\u0151ben hagyott \u00e9rt\u00e9kek\u00e9rt, illetve szem\u00e9lyes t\u00e1rgyak\u00e9rt nem v\u00e1llalunk felel\u0151ss\u00e9get, \u00edgy ezeket k\u00e9rj\u00fck ne hagyj\u00e1k fel\u00fcgyelet n\u00e9lk\u00fcl.<br \/>\n<br \/>\nBab\u00e1s kezel\u00e9sek eset\u00e9n a babakocsit k\u00e9rj\u00fck a parkol\u00e1sra kijel\u00f6lt helyen hagyni a l\u00e9pcs\u0151h\u00e1z ter\u00fclet\u00e9n.<br \/>\n<br \/>\nAz els\u0151 konzult\u00e1ci\u00f3ra \u00e9s vizsg\u00e1latra k\u00e9rj\u00fck a k\u00f6vetkez\u0151ket hozza mag\u00e1val:<br \/>\n<br \/>\nFeln\u0151tt \u00e9s gyermek kezel\u00e9sek eset\u00e9n:<br \/>\n<br \/>\nambul\u00e1ns lap vagy k\u00f3rh\u00e1zi z\u00e1r\u00f3jelent\u00e9s,<br \/>\nk\u00e9palkot\u00f3 diagnosztika (MRI, CT, RTG lelet),<br \/>\nvizsg\u00e1lathoz v\u00e1lt\u00f3 ruha, amely k\u00e9nyelmes \u00e9s laza viseletet biztos\u00edt,<br \/>\nkezel\u00e9shez minden alkalommal laza sportruh\u00e1zat (hossz\u00fa haj\u00fa h\u00f6lgyvend\u00e9gek eset\u00e9n a haj \u00f6sszek\u00f6t\u00e9s\u00e9re szolg\u00e1l\u00f3 hajgumi),<br \/>\nzokni minden alkalomra, a terapeuta k\u00fcl\u00f6n jelz\u00e9se eset\u00e9n teremcip\u0151 (ami nem utcai vagy fut\u00f3cip\u0151t jelent)<br \/>\n<br \/>\nBab\u00e1s kezel\u00e9sek eset\u00e9n:<br \/>\n<br \/>\nsz\u00fclet\u00e9si kisk\u00f6nyv<br \/>\na baba sz\u00fclet\u00e9si k\u00f6r\u00fclm\u00e9nyeit tartalmaz\u00f3 k\u00f3rh\u00e1zi z\u00e1r\u00f3jelent\u00e9s<br \/>\ncs\u00edp\u0151 \/ hasi ultrahang lelet<br \/>\nszakorvosi lelet, ill gy\u00f3gytorna javaslat, amennyiben van<br \/>\nk\u00e9palkot\u00f3 diagnosztika lelete (MRI, CT, RTG, EEG)<br \/>\ntextil pelenka (minden kezel\u00e9sn\u00e9l)<br \/>\n<br \/>\nA konzult\u00e1ci\u00f3, vizsg\u00e1lat vagy kezel\u00e9s ideje alatt a kezel\u0151 helyis\u00e9gben csak a kezel\u00e9st ig\u00e9nybe vev\u0151 p\u00e1ciens (vend\u00e9g) tart\u00f3zkodhat. A 18 \u00e9ven aluli gyermeket k\u00eds\u00e9r\u0151 sz\u00fcl\u0151 vagy hozz\u00e1tartoz\u00f3 (maxim\u00e1lisan 1 f\u0151 feln\u0151tt k\u00eds\u00e9r\u0151) jelenl\u00e9te a konzult\u00e1ci\u00f3, vizsg\u00e1lat vagy kezel\u00e9s ideje alatt a kezel\u0151 helyis\u00e9gben indokolt esetben megengedett.<br \/>\n<br \/>\nA Develomed Gy\u00f3gytorna eg\u00e9sz ter\u00fclete DOH\u00c1NYZ\u00c1SMENTES ter\u00fclet.<br \/>\n<br \/>\nK\u00c9S\u00c9S, LEMOND\u00c1S<br \/>\n<br \/>\nK\u00e9rj\u00fck a csoportos \u00f3r\u00e1n r\u00e9sztvev\u0151ket, hogy az egyeztetett id\u0151pontra a lehet\u0151 legpontosabban \u00e9rkezzenek, k\u00e9s\u00e9s\u00fckkel ne zavarj\u00e1k a t\u00f6bbi r\u00e9sztvev\u0151t \u00e9s a foglalkoz\u00e1st tart\u00f3 gy\u00f3gytorn\u00e1szt. Egy\u00e9ni kezel\u00e9si id\u0151intervallumban el\u0151fordul\u00f3 k\u00e9sedelmes \u00e9rkez\u00e9s eset\u00e9n a kezel\u00e9st nem \u00e1ll m\u00f3dunkban ar\u00e1nyosan hosszabb\u00edtani a tov\u00e1bbi id\u0151pont cs\u00fasz\u00e1s elker\u00fcl\u00e9se \u00e9rdek\u00e9ben. A foglalt id\u0151pontokat az id\u0151pont el\u0151tt 24 \u00f3r\u00e1val van lehet\u0151s\u00e9g d\u00edjmentesen lemondani. A 24 \u00f3r\u00e1n bel\u00fcli lemond\u00e1s, illetve elmulasztott lemond\u00e1s eset\u00e9n a kezel\u00e9s teljes \u00e1r\u00e1t ki kell fizetni. Amennyiben a rendszeress\u00e9ggel foglalt id\u0151pontokon (bele\u00e9rtve az egy\u00e9ni \u00e9s csoportos foglakoz\u00e1sokat is) jelz\u00e9s n\u00e9lk\u00fcl 2 egym\u00e1st k\u00f6vet\u0151 alkalommal nem jelenik meg az id\u0151pontot befoglal\u00f3 vend\u00e9g, akkor az azt k\u00f6vet\u0151 id\u0151pont foglal\u00e1s\u00e1t k\u00fcl\u00f6n indokl\u00e1s n\u00e9lk\u00fcl t\u00f6r\u00f6lj\u00fck.<br \/>\n<br \/>\nEGY\u00c9B RENDELKEZ\u00c9SEK<br \/>\n<br \/>\nA Develomed Gy\u00f3gytorna teljes ter\u00fclet\u00e9n vide\u00f3, k\u00e9p \u00e9s hangfelv\u00e9tel a Develomed Gy\u00f3gytorna vezet\u0151j\u00e9nek enged\u00e9lye n\u00e9lk\u00fcl nem k\u00e9sz\u00fclhet.<br \/>\nA Develomed Gy\u00f3gytorna a kezelt vend\u00e9gekr\u0151l adatnyilv\u00e1ntart\u00e1st vezet, mely adatokat harmadik f\u00e9l sz\u00e1m\u00e1ra csak a jogszab\u00e1lyokban el\u0151\u00edrt m\u00f3don adhat ki.<br \/>\n<br \/>\nMeg\u00e9rt\u00e9s\u00fcket \u00e9s egy\u00fcttm\u0171k\u00f6d\u00e9s\u00fcket k\u00f6sz\u00f6nj\u00fck!<br \/>\n<br \/>\nEL\u00c9RHET\u0150S\u00c9GEK:<br \/>\n<br \/>\nTelefon: +36 20 966 2660<br \/>\n<br \/>\nE-mail: develomed@gmail.com<br \/>\n<br \/>\n<\/span><\/div><style type=\"text\/css\">#thegem-heading-69f117218cdab {margin: 0;}#thegem-heading-69f117218cdab a:hover, #thegem-heading-69f117218cdab a:hover span.colored {color: var(--thegem-to-menu-level1-color-hover, #00BCD4) !important;}<\/style><\/div><style>@media screen and (max-width: 1023px) {.thegem-te-heading.thegem-custom-69f117218ce1f5528{display: block!important;}}@media screen and (max-width: 767px) {.thegem-te-heading.thegem-custom-69f117218ce1f5528{display: block!important;}}@media screen and (max-width: 1023px) {.thegem-te-heading.thegem-custom-69f117218ce1f5528{position: relative !important;}}@media screen and (max-width: 767px) {.thegem-te-heading.thegem-custom-69f117218ce1f5528{position: relative !important;}}<\/style><div class=\"clearboth\"><\/div><style>#thegem-divider-69f117218ce55 {margin-top: 60px !important;}<\/style><div id=\"thegem-divider-69f117218ce55\" class=\"gem-divider  \" style=\"\" ><\/div>[\/vc_column_inner][\/vc_row_inner][\/vc_column][vc_column width=&#8221;1\/6&#8243;][\/vc_column][\/vc_row]<\/p>\n<\/div>","protected":false},"excerpt":{"rendered":"<p>[vc_row full_width=&#8221;stretch_row_content&#8221; equal_height=&#8221;yes&#8221; custom_css_code=&#8221;LmN1c3RvbS1pbmZvdGV4dCUyMC5nZW0taWNvbiUyMC5nZW0taWNvbi1pbm5lciUyQyUyMCUwQS5jdXN0b20taW5mb3RleHQlMjAuZ2VtLWljb24tdXNlLWltYWdlJTIwaW1nJTIwJTdCJTBBJTIwJTIwJTIwJTIwd2lkdGglM0ElMjAxMjBweCUyMWltcG9ydGFudCUzQiUwQSUyMCUyMCUyMCUyMGhlaWdodCUzQSUyMGF1dG8lMjFpbXBvcnRhbnQlM0IlMEElN0QlMEEuZ2VtLXRlc3RpbW9uaWFscy5zaXplLXNtYWxsJTIwLmdlbS10ZXN0aW1vbmlhbC1pbWFnZSUyQyUwQS5nZW0tdGVzdGltb25pYWwtd3JhcHBlciUyMHAlM0FhZnRlciUyQyUwQS5nZW0tdGVzdGltb25pYWxzJTIwLnRlc3RpbW9uaWFsc19zdmclMjAlN0IlMEElMjAlMjAlMjAlMjBkaXNwbGF5JTNBJTIwbm9uZSUyMWltcG9ydGFudCUzQiUwQSU3RCUwQS5nZW0tdGVzdGltb25pYWxzJTIwJTdCJTBBJTIwJTIwJTIwJTIwbWFyZ2luLWJvdHRvbSUzQSUyMDAlMjFpbXBvcnRhbnQlM0IlMEElN0QlMEElNDBtZWRpYSUyMCUyOG1heC13aWR0aCUzQSUyMDc2OHB4JTI5JTdCJTBBLmdlbS10ZXN0aW1vbmlhbHMlMjAuZ2VtLXRlc3RpbW9uaWFsLWNvbnRlbnQlMjAlN0IlMEElMjAlMjAlMjAlMjBwYWRkaW5nLXRvcCUzQSUyMDBweCUyMWltcG9ydGFudCUzQiUwQSU3RCU3RA==&#8221; css=&#8221;.vc_custom_1712842571166{margin-bottom: 0px !important;}&#8221;][vc_column width=&#8221;1\/6&#8243;][\/vc_column][vc_column width=&#8221;2\/3&#8243;][vc_row_inner css=&#8221;.vc_custom_1768212261358{margin-right: 0px !important;margin-bottom: 40px !important;margin-left: 0px !important;padding-right: 30px !important;padding-left: 30px !important;background-color:&#8230;<\/p>\n","protected":false},"author":1,"featured_media":14045,"parent":0,"menu_order":0,"comment_status":"closed","ping_status":"open","template":"","meta":{"_acf_changed":false,"footnotes":""},"class_list":["post-13934","page","type-page","status-publish","has-post-thumbnail"],"acf":[],"yoast_head":"<!-- This site is optimized with the Yoast SEO plugin v27.0 - https:\/\/yoast.com\/product\/yoast-seo-wordpress\/ -->\n<title>H\u00e1zirend - Develomed Gy\u00f3gytorna %gy\u00f3gytorna<\/title>\n<meta name=\"description\" content=\"Gy\u00f3gytorna minden koroszt\u00e1lynak. A feln\u0151ttek mellett gyerekeket \u00e9s tin\u00e9dzsereket is v\u00e1runk. A gy\u00f3gytorna egy v\u00e1ltozatos \u00e9s \u00e9lvezhet\u0151 mozg\u00e1sforma, c\u00e9lunk, hogy akik hozz\u00e1nk j\u00e1rnak, megszeress\u00e9k a mozg\u00e1st.\" \/>\n<meta name=\"robots\" content=\"index, follow, max-snippet:-1, max-image-preview:large, max-video-preview:-1\" \/>\n<link rel=\"canonical\" href=\"https:\/\/develo.webempire.hu\/index.php\/hazirend\/\" \/>\n<meta property=\"og:locale\" content=\"hu_HU\" \/>\n<meta property=\"og:type\" content=\"article\" \/>\n<meta property=\"og:title\" content=\"H\u00e1zirend - Develomed Gy\u00f3gytorna %gy\u00f3gytorna\" \/>\n<meta property=\"og:description\" content=\"Gy\u00f3gytorna minden koroszt\u00e1lynak. A feln\u0151ttek mellett gyerekeket \u00e9s tin\u00e9dzsereket is v\u00e1runk. A gy\u00f3gytorna egy v\u00e1ltozatos \u00e9s \u00e9lvezhet\u0151 mozg\u00e1sforma, c\u00e9lunk, hogy akik hozz\u00e1nk j\u00e1rnak, megszeress\u00e9k a mozg\u00e1st.\" \/>\n<meta property=\"og:url\" content=\"https:\/\/develo.webempire.hu\/index.php\/hazirend\/\" \/>\n<meta property=\"og:site_name\" content=\"Develomed Gy\u00f3gytorna\" \/>\n<meta property=\"article:publisher\" content=\"https:\/\/www.facebook.com\/profile.php?id=100063507312934\" \/>\n<meta property=\"article:modified_time\" content=\"2026-02-20T09:46:19+00:00\" \/>\n<meta property=\"og:image\" content=\"https:\/\/develo.webempire.hu\/wp-content\/uploads\/2026\/01\/kiemeltkep_kapcsolat-1.jpg\" \/>\n\t<meta property=\"og:image:width\" content=\"1200\" \/>\n\t<meta property=\"og:image:height\" content=\"600\" \/>\n\t<meta property=\"og:image:type\" content=\"image\/jpeg\" \/>\n<meta name=\"twitter:card\" content=\"summary_large_image\" \/>\n<meta name=\"twitter:label1\" content=\"Becs\u00fclt olvas\u00e1si id\u0151\" \/>\n\t<meta name=\"twitter:data1\" content=\"1 perc\" \/>\n<script type=\"application\/ld+json\" class=\"yoast-schema-graph\">{\"@context\":\"https:\/\/schema.org\",\"@graph\":[{\"@type\":\"WebPage\",\"@id\":\"https:\/\/develo.webempire.hu\/index.php\/hazirend\/\",\"url\":\"https:\/\/develo.webempire.hu\/index.php\/hazirend\/\",\"name\":\"H\u00e1zirend - Develomed Gy\u00f3gytorna %gy\u00f3gytorna\",\"isPartOf\":{\"@id\":\"https:\/\/develo.webempire.hu\/#website\"},\"primaryImageOfPage\":{\"@id\":\"https:\/\/develo.webempire.hu\/index.php\/hazirend\/#primaryimage\"},\"image\":{\"@id\":\"https:\/\/develo.webempire.hu\/index.php\/hazirend\/#primaryimage\"},\"thumbnailUrl\":\"https:\/\/develo.webempire.hu\/wp-content\/uploads\/2026\/01\/kiemeltkep_kapcsolat-1.jpg\",\"datePublished\":\"2026-01-15T14:18:29+00:00\",\"dateModified\":\"2026-02-20T09:46:19+00:00\",\"description\":\"Gy\u00f3gytorna minden koroszt\u00e1lynak. A feln\u0151ttek mellett gyerekeket \u00e9s tin\u00e9dzsereket is v\u00e1runk. A gy\u00f3gytorna egy v\u00e1ltozatos \u00e9s \u00e9lvezhet\u0151 mozg\u00e1sforma, c\u00e9lunk, hogy akik hozz\u00e1nk j\u00e1rnak, megszeress\u00e9k a mozg\u00e1st.\",\"breadcrumb\":{\"@id\":\"https:\/\/develo.webempire.hu\/index.php\/hazirend\/#breadcrumb\"},\"inLanguage\":\"hu\",\"potentialAction\":[{\"@type\":\"ReadAction\",\"target\":[\"https:\/\/develo.webempire.hu\/index.php\/hazirend\/\"]}]},{\"@type\":\"ImageObject\",\"inLanguage\":\"hu\",\"@id\":\"https:\/\/develo.webempire.hu\/index.php\/hazirend\/#primaryimage\",\"url\":\"https:\/\/develo.webempire.hu\/wp-content\/uploads\/2026\/01\/kiemeltkep_kapcsolat-1.jpg\",\"contentUrl\":\"https:\/\/develo.webempire.hu\/wp-content\/uploads\/2026\/01\/kiemeltkep_kapcsolat-1.jpg\",\"width\":1200,\"height\":600},{\"@type\":\"BreadcrumbList\",\"@id\":\"https:\/\/develo.webempire.hu\/index.php\/hazirend\/#breadcrumb\",\"itemListElement\":[{\"@type\":\"ListItem\",\"position\":1,\"name\":\"Kezd\u0151lap\",\"item\":\"https:\/\/develo.webempire.hu\/\"},{\"@type\":\"ListItem\",\"position\":2,\"name\":\"H\u00e1zirend\"}]},{\"@type\":\"WebSite\",\"@id\":\"https:\/\/develo.webempire.hu\/#website\",\"url\":\"https:\/\/develo.webempire.hu\/\",\"name\":\"Develomed Gy\u00f3gytorna\",\"description\":\"Gy\u00f3gytorna minden koroszt\u00e1lynak\",\"publisher\":{\"@id\":\"https:\/\/develo.webempire.hu\/#organization\"},\"potentialAction\":[{\"@type\":\"SearchAction\",\"target\":{\"@type\":\"EntryPoint\",\"urlTemplate\":\"https:\/\/develo.webempire.hu\/?s={search_term_string}\"},\"query-input\":{\"@type\":\"PropertyValueSpecification\",\"valueRequired\":true,\"valueName\":\"search_term_string\"}}],\"inLanguage\":\"hu\"},{\"@type\":\"Organization\",\"@id\":\"https:\/\/develo.webempire.hu\/#organization\",\"name\":\"Develomed Gy\u00f3gytorna\",\"url\":\"https:\/\/develo.webempire.hu\/\",\"logo\":{\"@type\":\"ImageObject\",\"inLanguage\":\"hu\",\"@id\":\"https:\/\/develo.webempire.hu\/#\/schema\/logo\/image\/\",\"url\":\"https:\/\/develo.webempire.hu\/wp-content\/uploads\/2025\/10\/logo_footer_gyor.svg\",\"contentUrl\":\"https:\/\/develo.webempire.hu\/wp-content\/uploads\/2025\/10\/logo_footer_gyor.svg\",\"width\":1,\"height\":1,\"caption\":\"Develomed Gy\u00f3gytorna\"},\"image\":{\"@id\":\"https:\/\/develo.webempire.hu\/#\/schema\/logo\/image\/\"},\"sameAs\":[\"https:\/\/www.facebook.com\/profile.php?id=100063507312934\"]}]}<\/script>\n<!-- \/ Yoast SEO plugin. -->","yoast_head_json":{"title":"H\u00e1zirend - Develomed Gy\u00f3gytorna %gy\u00f3gytorna","description":"Gy\u00f3gytorna minden koroszt\u00e1lynak. A feln\u0151ttek mellett gyerekeket \u00e9s tin\u00e9dzsereket is v\u00e1runk. A gy\u00f3gytorna egy v\u00e1ltozatos \u00e9s \u00e9lvezhet\u0151 mozg\u00e1sforma, c\u00e9lunk, hogy akik hozz\u00e1nk j\u00e1rnak, megszeress\u00e9k a mozg\u00e1st.","robots":{"index":"index","follow":"follow","max-snippet":"max-snippet:-1","max-image-preview":"max-image-preview:large","max-video-preview":"max-video-preview:-1"},"canonical":"https:\/\/develo.webempire.hu\/index.php\/hazirend\/","og_locale":"hu_HU","og_type":"article","og_title":"H\u00e1zirend - Develomed Gy\u00f3gytorna %gy\u00f3gytorna","og_description":"Gy\u00f3gytorna minden koroszt\u00e1lynak. A feln\u0151ttek mellett gyerekeket \u00e9s tin\u00e9dzsereket is v\u00e1runk. A gy\u00f3gytorna egy v\u00e1ltozatos \u00e9s \u00e9lvezhet\u0151 mozg\u00e1sforma, c\u00e9lunk, hogy akik hozz\u00e1nk j\u00e1rnak, megszeress\u00e9k a mozg\u00e1st.","og_url":"https:\/\/develo.webempire.hu\/index.php\/hazirend\/","og_site_name":"Develomed Gy\u00f3gytorna","article_publisher":"https:\/\/www.facebook.com\/profile.php?id=100063507312934","article_modified_time":"2026-02-20T09:46:19+00:00","og_image":[{"width":1200,"height":600,"url":"https:\/\/develo.webempire.hu\/wp-content\/uploads\/2026\/01\/kiemeltkep_kapcsolat-1.jpg","type":"image\/jpeg"}],"twitter_card":"summary_large_image","twitter_misc":{"Becs\u00fclt olvas\u00e1si id\u0151":"1 perc"},"schema":{"@context":"https:\/\/schema.org","@graph":[{"@type":"WebPage","@id":"https:\/\/develo.webempire.hu\/index.php\/hazirend\/","url":"https:\/\/develo.webempire.hu\/index.php\/hazirend\/","name":"H\u00e1zirend - Develomed Gy\u00f3gytorna %gy\u00f3gytorna","isPartOf":{"@id":"https:\/\/develo.webempire.hu\/#website"},"primaryImageOfPage":{"@id":"https:\/\/develo.webempire.hu\/index.php\/hazirend\/#primaryimage"},"image":{"@id":"https:\/\/develo.webempire.hu\/index.php\/hazirend\/#primaryimage"},"thumbnailUrl":"https:\/\/develo.webempire.hu\/wp-content\/uploads\/2026\/01\/kiemeltkep_kapcsolat-1.jpg","datePublished":"2026-01-15T14:18:29+00:00","dateModified":"2026-02-20T09:46:19+00:00","description":"Gy\u00f3gytorna minden koroszt\u00e1lynak. A feln\u0151ttek mellett gyerekeket \u00e9s tin\u00e9dzsereket is v\u00e1runk. A gy\u00f3gytorna egy v\u00e1ltozatos \u00e9s \u00e9lvezhet\u0151 mozg\u00e1sforma, c\u00e9lunk, hogy akik hozz\u00e1nk j\u00e1rnak, megszeress\u00e9k a mozg\u00e1st.","breadcrumb":{"@id":"https:\/\/develo.webempire.hu\/index.php\/hazirend\/#breadcrumb"},"inLanguage":"hu","potentialAction":[{"@type":"ReadAction","target":["https:\/\/develo.webempire.hu\/index.php\/hazirend\/"]}]},{"@type":"ImageObject","inLanguage":"hu","@id":"https:\/\/develo.webempire.hu\/index.php\/hazirend\/#primaryimage","url":"https:\/\/develo.webempire.hu\/wp-content\/uploads\/2026\/01\/kiemeltkep_kapcsolat-1.jpg","contentUrl":"https:\/\/develo.webempire.hu\/wp-content\/uploads\/2026\/01\/kiemeltkep_kapcsolat-1.jpg","width":1200,"height":600},{"@type":"BreadcrumbList","@id":"https:\/\/develo.webempire.hu\/index.php\/hazirend\/#breadcrumb","itemListElement":[{"@type":"ListItem","position":1,"name":"Kezd\u0151lap","item":"https:\/\/develo.webempire.hu\/"},{"@type":"ListItem","position":2,"name":"H\u00e1zirend"}]},{"@type":"WebSite","@id":"https:\/\/develo.webempire.hu\/#website","url":"https:\/\/develo.webempire.hu\/","name":"Develomed Gy\u00f3gytorna","description":"Gy\u00f3gytorna minden koroszt\u00e1lynak","publisher":{"@id":"https:\/\/develo.webempire.hu\/#organization"},"potentialAction":[{"@type":"SearchAction","target":{"@type":"EntryPoint","urlTemplate":"https:\/\/develo.webempire.hu\/?s={search_term_string}"},"query-input":{"@type":"PropertyValueSpecification","valueRequired":true,"valueName":"search_term_string"}}],"inLanguage":"hu"},{"@type":"Organization","@id":"https:\/\/develo.webempire.hu\/#organization","name":"Develomed Gy\u00f3gytorna","url":"https:\/\/develo.webempire.hu\/","logo":{"@type":"ImageObject","inLanguage":"hu","@id":"https:\/\/develo.webempire.hu\/#\/schema\/logo\/image\/","url":"https:\/\/develo.webempire.hu\/wp-content\/uploads\/2025\/10\/logo_footer_gyor.svg","contentUrl":"https:\/\/develo.webempire.hu\/wp-content\/uploads\/2025\/10\/logo_footer_gyor.svg","width":1,"height":1,"caption":"Develomed Gy\u00f3gytorna"},"image":{"@id":"https:\/\/develo.webempire.hu\/#\/schema\/logo\/image\/"},"sameAs":["https:\/\/www.facebook.com\/profile.php?id=100063507312934"]}]}},"_links":{"self":[{"href":"https:\/\/develo.webempire.hu\/index.php\/wp-json\/wp\/v2\/pages\/13934","targetHints":{"allow":["GET"]}}],"collection":[{"href":"https:\/\/develo.webempire.hu\/index.php\/wp-json\/wp\/v2\/pages"}],"about":[{"href":"https:\/\/develo.webempire.hu\/index.php\/wp-json\/wp\/v2\/types\/page"}],"author":[{"embeddable":true,"href":"https:\/\/develo.webempire.hu\/index.php\/wp-json\/wp\/v2\/users\/1"}],"replies":[{"embeddable":true,"href":"https:\/\/develo.webempire.hu\/index.php\/wp-json\/wp\/v2\/comments?post=13934"}],"version-history":[{"count":6,"href":"https:\/\/develo.webempire.hu\/index.php\/wp-json\/wp\/v2\/pages\/13934\/revisions"}],"predecessor-version":[{"id":13941,"href":"https:\/\/develo.webempire.hu\/index.php\/wp-json\/wp\/v2\/pages\/13934\/revisions\/13941"}],"wp:featuredmedia":[{"embeddable":true,"href":"https:\/\/develo.webempire.hu\/index.php\/wp-json\/wp\/v2\/media\/14045"}],"wp:attachment":[{"href":"https:\/\/develo.webempire.hu\/index.php\/wp-json\/wp\/v2\/media?parent=13934"}],"curies":[{"name":"wp","href":"https:\/\/api.w.org\/{rel}","templated":true}]}}