{"id":13699,"date":"2026-01-12T11:38:26","date_gmt":"2026-01-12T11:38:26","guid":{"rendered":"https:\/\/develo.webempire.hu\/?page_id=13699"},"modified":"2026-02-20T09:17:53","modified_gmt":"2026-02-20T09:17:53","slug":"joga","status":"publish","type":"page","link":"https:\/\/develo.webempire.hu\/index.php\/joga\/","title":{"rendered":"Dinamikus j\u00f3ga"},"content":{"rendered":"<div class=\"wpb-content-wrapper\"><p>[vc_row full_width=&#8221;stretch_row_content&#8221; equal_height=&#8221;yes&#8221; custom_css_code=&#8221;LmN1c3RvbS1pbmZvdGV4dCUyMC5nZW0taWNvbiUyMC5nZW0taWNvbi1pbm5lciUyQyUyMCUwQS5jdXN0b20taW5mb3RleHQlMjAuZ2VtLWljb24tdXNlLWltYWdlJTIwaW1nJTIwJTdCJTBBJTIwJTIwJTIwJTIwd2lkdGglM0ElMjAxMjBweCUyMWltcG9ydGFudCUzQiUwQSUyMCUyMCUyMCUyMGhlaWdodCUzQSUyMGF1dG8lMjFpbXBvcnRhbnQlM0IlMEElN0QlMEEuZ2VtLXRlc3RpbW9uaWFscy5zaXplLXNtYWxsJTIwLmdlbS10ZXN0aW1vbmlhbC1pbWFnZSUyQyUwQS5nZW0tdGVzdGltb25pYWwtd3JhcHBlciUyMHAlM0FhZnRlciUyQyUwQS5nZW0tdGVzdGltb25pYWxzJTIwLnRlc3RpbW9uaWFsc19zdmclMjAlN0IlMEElMjAlMjAlMjAlMjBkaXNwbGF5JTNBJTIwbm9uZSUyMWltcG9ydGFudCUzQiUwQSU3RCUwQS5nZW0tdGVzdGltb25pYWxzJTIwJTdCJTBBJTIwJTIwJTIwJTIwbWFyZ2luLWJvdHRvbSUzQSUyMDAlMjFpbXBvcnRhbnQlM0IlMEElN0QlMEElNDBtZWRpYSUyMCUyOG1heC13aWR0aCUzQSUyMDc2OHB4JTI5JTdCJTBBLmdlbS10ZXN0aW1vbmlhbHMlMjAuZ2VtLXRlc3RpbW9uaWFsLWNvbnRlbnQlMjAlN0IlMEElMjAlMjAlMjAlMjBwYWRkaW5nLXRvcCUzQSUyMDBweCUyMWltcG9ydGFudCUzQiUwQSU3RCU3RA==&#8221; css=&#8221;.vc_custom_1712842571166{margin-bottom: 0px !important;}&#8221;][vc_column width=&#8221;1\/4&#8243;][vc_row_inner content_placement=&#8221;bottom&#8221; css=&#8221;.vc_custom_1712837924168{margin-right: 0px !important;margin-bottom: 0px !important;margin-left: 0px !important;}&#8221;][vc_column_inner css=&#8221;.vc_custom_1771579070910{padding-top: 40px !important;padding-right: 25px !important;padding-bottom: 300px !important;padding-left: 25px !important;background-color: #1B9C7E !important;background-position: center !important;background-repeat: no-repeat !important;background-size: cover !important;border-radius: 35px !important;}&#8221; tablet_padding_left=&#8221;21&#8243; tablet_padding_right=&#8221;21&#8243;]<div class=\"thegem-te-heading thegem-custom-69f114bfdbd975596\" ><div id=\"thegem-heading-69f114bfdbd4b\" class=\"thegem-heading title-h1 vc_custom_1768217818299\" style=\"text-align: left;\" ><span class=\"colored\" style=\"color: #ffffff;\">Dinamikus j\u00f3ga<\/span><\/div><style type=\"text\/css\">#thegem-heading-69f114bfdbd4b {margin: 0;}#thegem-heading-69f114bfdbd4b a:hover, #thegem-heading-69f114bfdbd4b a:hover span.colored {color: var(--thegem-to-menu-level1-color-hover, #00BCD4) !important;}<\/style><\/div><style>@media screen and (max-width: 1023px) {.thegem-te-heading.thegem-custom-69f114bfdbd975596{display: block!important;}}@media screen and (max-width: 767px) {.thegem-te-heading.thegem-custom-69f114bfdbd975596{display: block!important;}}@media screen and (max-width: 1023px) {.thegem-te-heading.thegem-custom-69f114bfdbd975596{position: relative !important;}}@media screen and (max-width: 767px) {.thegem-te-heading.thegem-custom-69f114bfdbd975596{position: relative !important;}}<\/style>[\/vc_column_inner][\/vc_row_inner][\/vc_column][vc_column width=&#8221;1\/2&#8243;][vc_row_inner css=&#8221;.vc_custom_1768212261358{margin-right: 0px !important;margin-bottom: 40px !important;margin-left: 0px !important;padding-right: 30px !important;padding-left: 30px !important;background-color: #F6FAFC !important;border-radius: 35px !important;}&#8221;][vc_column_inner]<div class=\"thegem-te-heading thegem-custom-69f114bfdbe775660\" ><div id=\"thegem-heading-69f114bfdbe56\" class=\"thegem-heading text-body\" style=\"text-align: left;\" ><span class=\"colored\" style=\"color: #000000;\">A dinamikus j\u00f3ga a klasszikus j\u00f3ga \u00e1szan\u00e1kra \u00e9p\u00edtkezve, a gerinctorn\u00e1b\u00f3l, pilatesb\u0151l kieg\u00e9sz\u00edtett mozg\u00e1selemekkel egy rendk\u00edv\u00fcl er\u0151tpr\u00f3b\u00e1l\u00f3 edz\u00e9st jelent.<\/span><\/div><style type=\"text\/css\">#thegem-heading-69f114bfdbe56 {margin: 0;}#thegem-heading-69f114bfdbe56 a:hover, #thegem-heading-69f114bfdbe56 a:hover span.colored {color: var(--thegem-to-menu-level1-color-hover, #00BCD4) !important;}<\/style><\/div><style>@media screen and (max-width: 1023px) {.thegem-te-heading.thegem-custom-69f114bfdbe775660{display: block!important;}}@media screen and (max-width: 767px) {.thegem-te-heading.thegem-custom-69f114bfdbe775660{display: block!important;}}@media screen and (max-width: 1023px) {.thegem-te-heading.thegem-custom-69f114bfdbe775660{position: relative !important;}}@media screen and (max-width: 767px) {.thegem-te-heading.thegem-custom-69f114bfdbe775660{position: relative !important;}}<\/style><div class=\"clearboth\"><\/div><style>#thegem-divider-69f114bfdbea2 {margin-top: 32px !important;}<\/style><div id=\"thegem-divider-69f114bfdbea2\" class=\"gem-divider  \" style=\"\" ><\/div><div class=\"thegem-te-heading thegem-custom-69f114bfdbf432319\" ><div id=\"thegem-heading-69f114bfdbf20\" class=\"thegem-heading title-h5\" style=\"text-align: left;\" ><span class=\"colored\" style=\"color: #000000;\">F\u0151 c\u00e9ljai:<\/span><\/div><style type=\"text\/css\">#thegem-heading-69f114bfdbf20 {margin: 0;}#thegem-heading-69f114bfdbf20 a:hover, #thegem-heading-69f114bfdbf20 a:hover span.colored {color: var(--thegem-to-menu-level1-color-hover, #00BCD4) !important;}<\/style><\/div><style>@media screen and (max-width: 1023px) {.thegem-te-heading.thegem-custom-69f114bfdbf432319{display: block!important;}}@media screen and (max-width: 767px) {.thegem-te-heading.thegem-custom-69f114bfdbf432319{display: block!important;}}@media screen and (max-width: 1023px) {.thegem-te-heading.thegem-custom-69f114bfdbf432319{position: relative !important;}}@media screen and (max-width: 767px) {.thegem-te-heading.thegem-custom-69f114bfdbf432319{position: relative !important;}}<\/style><div class=\"clearboth\"><\/div><style>#thegem-divider-69f114bfdbf62 {margin-top: 10px !important;}<\/style><div id=\"thegem-divider-69f114bfdbf62\" class=\"gem-divider  \" style=\"\" ><\/div><div class=\"gem-list gem-list-type-disc-style-1 gem-list-color-1\" ><ul>\n<li>a gerinc karbantart\u00e1sa,<\/li>\n<li>a megr\u00f6vid\u00fclt izmok ny\u00fajt\u00e1sa,<\/li>\n<li>az er\u0151 \u00e9s a hajl\u00e9konys\u00e1g fejleszt\u00e9se,<\/li>\n<li>ez\u00e1ltal egy funkcion\u00e1lisan eg\u00e9szs\u00e9ges test el\u00e9r\u00e9se.<\/li>\n<\/ul>\n<\/div><div class=\"clearboth\"><\/div><style>#thegem-divider-69f114bfdbfce {margin-top: 32px !important;}<\/style><div id=\"thegem-divider-69f114bfdbfce\" class=\"gem-divider  \" style=\"\" ><\/div><div class=\"thegem-te-heading thegem-custom-69f114bfdc06c1964\" ><div id=\"thegem-heading-69f114bfdc04f\" class=\"thegem-heading text-body\" style=\"text-align: left;\" ><span class=\"colored\" style=\"color: #000000;\">Sokan \u00fagy tartj\u00e1k, hogy a j\u00f3ga csak ny\u00fajt\u00f3 gyakorlatokb\u00f3l \u00e1ll, ezt kiv\u00e1l\u00f3an megc\u00e1folja ez a mozg\u00e1sfajta. Az izmoknak nagyobb megterhel\u00e9st ny\u00fajt egy kitartott mozg\u00e1sminta, mint egy gyors temp\u00f3j\u00fa feladatsor. A dinamikus j\u00f3ga kiv\u00e1l\u00f3an fejleszti a testtudatot, ez\u00e9rt mind a prevenci\u00f3 mind a rehabilit\u00e1ci\u00f3 ter\u00e9n hasznos lehet.<\/span><\/div><style type=\"text\/css\">#thegem-heading-69f114bfdc04f {margin: 0;}#thegem-heading-69f114bfdc04f a:hover, #thegem-heading-69f114bfdc04f a:hover span.colored {color: var(--thegem-to-menu-level1-color-hover, #00BCD4) !important;}<\/style><\/div><style>@media screen and (max-width: 1023px) {.thegem-te-heading.thegem-custom-69f114bfdc06c1964{display: block!important;}}@media screen and (max-width: 767px) {.thegem-te-heading.thegem-custom-69f114bfdc06c1964{display: block!important;}}@media screen and (max-width: 1023px) {.thegem-te-heading.thegem-custom-69f114bfdc06c1964{position: relative !important;}}@media screen and (max-width: 767px) {.thegem-te-heading.thegem-custom-69f114bfdc06c1964{position: relative !important;}}<\/style><div class=\"clearboth\"><\/div><style>#thegem-divider-69f114bfdc08b {margin-top: 32px !important;}<\/style><div id=\"thegem-divider-69f114bfdc08b\" class=\"gem-divider  \" style=\"\" ><\/div>[\/vc_column_inner][\/vc_row_inner][\/vc_column][vc_column width=&#8221;1\/4&#8243;][vc_single_image image=&#8221;13702&#8243; img_size=&#8221;full&#8221; css=&#8221;&#8221;][\/vc_column][\/vc_row]<\/p>\n<\/div>","protected":false},"excerpt":{"rendered":"<p>[vc_row full_width=&#8221;stretch_row_content&#8221; equal_height=&#8221;yes&#8221; custom_css_code=&#8221;LmN1c3RvbS1pbmZvdGV4dCUyMC5nZW0taWNvbiUyMC5nZW0taWNvbi1pbm5lciUyQyUyMCUwQS5jdXN0b20taW5mb3RleHQlMjAuZ2VtLWljb24tdXNlLWltYWdlJTIwaW1nJTIwJTdCJTBBJTIwJTIwJTIwJTIwd2lkdGglM0ElMjAxMjBweCUyMWltcG9ydGFudCUzQiUwQSUyMCUyMCUyMCUyMGhlaWdodCUzQSUyMGF1dG8lMjFpbXBvcnRhbnQlM0IlMEElN0QlMEEuZ2VtLXRlc3RpbW9uaWFscy5zaXplLXNtYWxsJTIwLmdlbS10ZXN0aW1vbmlhbC1pbWFnZSUyQyUwQS5nZW0tdGVzdGltb25pYWwtd3JhcHBlciUyMHAlM0FhZnRlciUyQyUwQS5nZW0tdGVzdGltb25pYWxzJTIwLnRlc3RpbW9uaWFsc19zdmclMjAlN0IlMEElMjAlMjAlMjAlMjBkaXNwbGF5JTNBJTIwbm9uZSUyMWltcG9ydGFudCUzQiUwQSU3RCUwQS5nZW0tdGVzdGltb25pYWxzJTIwJTdCJTBBJTIwJTIwJTIwJTIwbWFyZ2luLWJvdHRvbSUzQSUyMDAlMjFpbXBvcnRhbnQlM0IlMEElN0QlMEElNDBtZWRpYSUyMCUyOG1heC13aWR0aCUzQSUyMDc2OHB4JTI5JTdCJTBBLmdlbS10ZXN0aW1vbmlhbHMlMjAuZ2VtLXRlc3RpbW9uaWFsLWNvbnRlbnQlMjAlN0IlMEElMjAlMjAlMjAlMjBwYWRkaW5nLXRvcCUzQSUyMDBweCUyMWltcG9ydGFudCUzQiUwQSU3RCU3RA==&#8221; css=&#8221;.vc_custom_1712842571166{margin-bottom: 0px !important;}&#8221;][vc_column width=&#8221;1\/4&#8243;][vc_row_inner content_placement=&#8221;bottom&#8221; css=&#8221;.vc_custom_1712837924168{margin-right: 0px !important;margin-bottom: 0px !important;margin-left: 0px !important;}&#8221;][vc_column_inner css=&#8221;.vc_custom_1771579070910{padding-top: 40px !important;padding-right: 25px&#8230;<\/p>\n","protected":false},"author":1,"featured_media":14045,"parent":0,"menu_order":0,"comment_status":"closed","ping_status":"open","template":"","meta":{"_acf_changed":false,"footnotes":""},"class_list":["post-13699","page","type-page","status-publish","has-post-thumbnail"],"acf":[],"yoast_head":"<!-- This site is optimized with the Yoast SEO plugin v27.0 - https:\/\/yoast.com\/product\/yoast-seo-wordpress\/ -->\n<title>Dinamikus j\u00f3ga - Develomed Gy\u00f3gytorna %gy\u00f3gytorna<\/title>\n<meta name=\"description\" content=\"Gy\u00f3gytorna minden koroszt\u00e1lynak. A feln\u0151ttek mellett gyerekeket \u00e9s tin\u00e9dzsereket is v\u00e1runk. A gy\u00f3gytorna egy v\u00e1ltozatos \u00e9s \u00e9lvezhet\u0151 mozg\u00e1sforma, c\u00e9lunk, hogy akik hozz\u00e1nk j\u00e1rnak, megszeress\u00e9k a mozg\u00e1st.\" \/>\n<meta name=\"robots\" content=\"index, follow, max-snippet:-1, max-image-preview:large, max-video-preview:-1\" \/>\n<link rel=\"canonical\" href=\"https:\/\/develo.webempire.hu\/index.php\/joga\/\" \/>\n<meta property=\"og:locale\" content=\"hu_HU\" \/>\n<meta property=\"og:type\" content=\"article\" \/>\n<meta property=\"og:title\" content=\"Dinamikus j\u00f3ga - Develomed Gy\u00f3gytorna %gy\u00f3gytorna\" \/>\n<meta property=\"og:description\" content=\"Gy\u00f3gytorna minden koroszt\u00e1lynak. A feln\u0151ttek mellett gyerekeket \u00e9s tin\u00e9dzsereket is v\u00e1runk. A gy\u00f3gytorna egy v\u00e1ltozatos \u00e9s \u00e9lvezhet\u0151 mozg\u00e1sforma, c\u00e9lunk, hogy akik hozz\u00e1nk j\u00e1rnak, megszeress\u00e9k a mozg\u00e1st.\" \/>\n<meta property=\"og:url\" content=\"https:\/\/develo.webempire.hu\/index.php\/joga\/\" \/>\n<meta property=\"og:site_name\" content=\"Develomed Gy\u00f3gytorna\" \/>\n<meta property=\"article:publisher\" content=\"https:\/\/www.facebook.com\/profile.php?id=100063507312934\" \/>\n<meta property=\"article:modified_time\" content=\"2026-02-20T09:17:53+00:00\" \/>\n<meta property=\"og:image\" content=\"https:\/\/develo.webempire.hu\/wp-content\/uploads\/2026\/01\/kiemeltkep_kapcsolat-1.jpg\" \/>\n\t<meta property=\"og:image:width\" content=\"1200\" \/>\n\t<meta property=\"og:image:height\" content=\"600\" \/>\n\t<meta property=\"og:image:type\" content=\"image\/jpeg\" \/>\n<meta name=\"twitter:card\" content=\"summary_large_image\" \/>\n<meta name=\"twitter:label1\" content=\"Becs\u00fclt olvas\u00e1si id\u0151\" \/>\n\t<meta name=\"twitter:data1\" content=\"1 perc\" \/>\n<script type=\"application\/ld+json\" class=\"yoast-schema-graph\">{\"@context\":\"https:\/\/schema.org\",\"@graph\":[{\"@type\":\"WebPage\",\"@id\":\"https:\/\/develo.webempire.hu\/index.php\/joga\/\",\"url\":\"https:\/\/develo.webempire.hu\/index.php\/joga\/\",\"name\":\"Dinamikus j\u00f3ga - Develomed Gy\u00f3gytorna %gy\u00f3gytorna\",\"isPartOf\":{\"@id\":\"https:\/\/develo.webempire.hu\/#website\"},\"primaryImageOfPage\":{\"@id\":\"https:\/\/develo.webempire.hu\/index.php\/joga\/#primaryimage\"},\"image\":{\"@id\":\"https:\/\/develo.webempire.hu\/index.php\/joga\/#primaryimage\"},\"thumbnailUrl\":\"https:\/\/develo.webempire.hu\/wp-content\/uploads\/2026\/01\/kiemeltkep_kapcsolat-1.jpg\",\"datePublished\":\"2026-01-12T11:38:26+00:00\",\"dateModified\":\"2026-02-20T09:17:53+00:00\",\"description\":\"Gy\u00f3gytorna minden koroszt\u00e1lynak. A feln\u0151ttek mellett gyerekeket \u00e9s tin\u00e9dzsereket is v\u00e1runk. A gy\u00f3gytorna egy v\u00e1ltozatos \u00e9s \u00e9lvezhet\u0151 mozg\u00e1sforma, c\u00e9lunk, hogy akik hozz\u00e1nk j\u00e1rnak, megszeress\u00e9k a mozg\u00e1st.\",\"breadcrumb\":{\"@id\":\"https:\/\/develo.webempire.hu\/index.php\/joga\/#breadcrumb\"},\"inLanguage\":\"hu\",\"potentialAction\":[{\"@type\":\"ReadAction\",\"target\":[\"https:\/\/develo.webempire.hu\/index.php\/joga\/\"]}]},{\"@type\":\"ImageObject\",\"inLanguage\":\"hu\",\"@id\":\"https:\/\/develo.webempire.hu\/index.php\/joga\/#primaryimage\",\"url\":\"https:\/\/develo.webempire.hu\/wp-content\/uploads\/2026\/01\/kiemeltkep_kapcsolat-1.jpg\",\"contentUrl\":\"https:\/\/develo.webempire.hu\/wp-content\/uploads\/2026\/01\/kiemeltkep_kapcsolat-1.jpg\",\"width\":1200,\"height\":600},{\"@type\":\"BreadcrumbList\",\"@id\":\"https:\/\/develo.webempire.hu\/index.php\/joga\/#breadcrumb\",\"itemListElement\":[{\"@type\":\"ListItem\",\"position\":1,\"name\":\"Kezd\u0151lap\",\"item\":\"https:\/\/develo.webempire.hu\/\"},{\"@type\":\"ListItem\",\"position\":2,\"name\":\"Dinamikus j\u00f3ga\"}]},{\"@type\":\"WebSite\",\"@id\":\"https:\/\/develo.webempire.hu\/#website\",\"url\":\"https:\/\/develo.webempire.hu\/\",\"name\":\"Develomed Gy\u00f3gytorna\",\"description\":\"Gy\u00f3gytorna minden koroszt\u00e1lynak\",\"publisher\":{\"@id\":\"https:\/\/develo.webempire.hu\/#organization\"},\"potentialAction\":[{\"@type\":\"SearchAction\",\"target\":{\"@type\":\"EntryPoint\",\"urlTemplate\":\"https:\/\/develo.webempire.hu\/?s={search_term_string}\"},\"query-input\":{\"@type\":\"PropertyValueSpecification\",\"valueRequired\":true,\"valueName\":\"search_term_string\"}}],\"inLanguage\":\"hu\"},{\"@type\":\"Organization\",\"@id\":\"https:\/\/develo.webempire.hu\/#organization\",\"name\":\"Develomed Gy\u00f3gytorna\",\"url\":\"https:\/\/develo.webempire.hu\/\",\"logo\":{\"@type\":\"ImageObject\",\"inLanguage\":\"hu\",\"@id\":\"https:\/\/develo.webempire.hu\/#\/schema\/logo\/image\/\",\"url\":\"https:\/\/develo.webempire.hu\/wp-content\/uploads\/2025\/10\/logo_footer_gyor.svg\",\"contentUrl\":\"https:\/\/develo.webempire.hu\/wp-content\/uploads\/2025\/10\/logo_footer_gyor.svg\",\"width\":1,\"height\":1,\"caption\":\"Develomed Gy\u00f3gytorna\"},\"image\":{\"@id\":\"https:\/\/develo.webempire.hu\/#\/schema\/logo\/image\/\"},\"sameAs\":[\"https:\/\/www.facebook.com\/profile.php?id=100063507312934\"]}]}<\/script>\n<!-- \/ Yoast SEO plugin. -->","yoast_head_json":{"title":"Dinamikus j\u00f3ga - Develomed Gy\u00f3gytorna %gy\u00f3gytorna","description":"Gy\u00f3gytorna minden koroszt\u00e1lynak. A feln\u0151ttek mellett gyerekeket \u00e9s tin\u00e9dzsereket is v\u00e1runk. A gy\u00f3gytorna egy v\u00e1ltozatos \u00e9s \u00e9lvezhet\u0151 mozg\u00e1sforma, c\u00e9lunk, hogy akik hozz\u00e1nk j\u00e1rnak, megszeress\u00e9k a mozg\u00e1st.","robots":{"index":"index","follow":"follow","max-snippet":"max-snippet:-1","max-image-preview":"max-image-preview:large","max-video-preview":"max-video-preview:-1"},"canonical":"https:\/\/develo.webempire.hu\/index.php\/joga\/","og_locale":"hu_HU","og_type":"article","og_title":"Dinamikus j\u00f3ga - Develomed Gy\u00f3gytorna %gy\u00f3gytorna","og_description":"Gy\u00f3gytorna minden koroszt\u00e1lynak. A feln\u0151ttek mellett gyerekeket \u00e9s tin\u00e9dzsereket is v\u00e1runk. A gy\u00f3gytorna egy v\u00e1ltozatos \u00e9s \u00e9lvezhet\u0151 mozg\u00e1sforma, c\u00e9lunk, hogy akik hozz\u00e1nk j\u00e1rnak, megszeress\u00e9k a mozg\u00e1st.","og_url":"https:\/\/develo.webempire.hu\/index.php\/joga\/","og_site_name":"Develomed Gy\u00f3gytorna","article_publisher":"https:\/\/www.facebook.com\/profile.php?id=100063507312934","article_modified_time":"2026-02-20T09:17:53+00:00","og_image":[{"width":1200,"height":600,"url":"https:\/\/develo.webempire.hu\/wp-content\/uploads\/2026\/01\/kiemeltkep_kapcsolat-1.jpg","type":"image\/jpeg"}],"twitter_card":"summary_large_image","twitter_misc":{"Becs\u00fclt olvas\u00e1si id\u0151":"1 perc"},"schema":{"@context":"https:\/\/schema.org","@graph":[{"@type":"WebPage","@id":"https:\/\/develo.webempire.hu\/index.php\/joga\/","url":"https:\/\/develo.webempire.hu\/index.php\/joga\/","name":"Dinamikus j\u00f3ga - Develomed Gy\u00f3gytorna %gy\u00f3gytorna","isPartOf":{"@id":"https:\/\/develo.webempire.hu\/#website"},"primaryImageOfPage":{"@id":"https:\/\/develo.webempire.hu\/index.php\/joga\/#primaryimage"},"image":{"@id":"https:\/\/develo.webempire.hu\/index.php\/joga\/#primaryimage"},"thumbnailUrl":"https:\/\/develo.webempire.hu\/wp-content\/uploads\/2026\/01\/kiemeltkep_kapcsolat-1.jpg","datePublished":"2026-01-12T11:38:26+00:00","dateModified":"2026-02-20T09:17:53+00:00","description":"Gy\u00f3gytorna minden koroszt\u00e1lynak. A feln\u0151ttek mellett gyerekeket \u00e9s tin\u00e9dzsereket is v\u00e1runk. A gy\u00f3gytorna egy v\u00e1ltozatos \u00e9s \u00e9lvezhet\u0151 mozg\u00e1sforma, c\u00e9lunk, hogy akik hozz\u00e1nk j\u00e1rnak, megszeress\u00e9k a mozg\u00e1st.","breadcrumb":{"@id":"https:\/\/develo.webempire.hu\/index.php\/joga\/#breadcrumb"},"inLanguage":"hu","potentialAction":[{"@type":"ReadAction","target":["https:\/\/develo.webempire.hu\/index.php\/joga\/"]}]},{"@type":"ImageObject","inLanguage":"hu","@id":"https:\/\/develo.webempire.hu\/index.php\/joga\/#primaryimage","url":"https:\/\/develo.webempire.hu\/wp-content\/uploads\/2026\/01\/kiemeltkep_kapcsolat-1.jpg","contentUrl":"https:\/\/develo.webempire.hu\/wp-content\/uploads\/2026\/01\/kiemeltkep_kapcsolat-1.jpg","width":1200,"height":600},{"@type":"BreadcrumbList","@id":"https:\/\/develo.webempire.hu\/index.php\/joga\/#breadcrumb","itemListElement":[{"@type":"ListItem","position":1,"name":"Kezd\u0151lap","item":"https:\/\/develo.webempire.hu\/"},{"@type":"ListItem","position":2,"name":"Dinamikus j\u00f3ga"}]},{"@type":"WebSite","@id":"https:\/\/develo.webempire.hu\/#website","url":"https:\/\/develo.webempire.hu\/","name":"Develomed Gy\u00f3gytorna","description":"Gy\u00f3gytorna minden koroszt\u00e1lynak","publisher":{"@id":"https:\/\/develo.webempire.hu\/#organization"},"potentialAction":[{"@type":"SearchAction","target":{"@type":"EntryPoint","urlTemplate":"https:\/\/develo.webempire.hu\/?s={search_term_string}"},"query-input":{"@type":"PropertyValueSpecification","valueRequired":true,"valueName":"search_term_string"}}],"inLanguage":"hu"},{"@type":"Organization","@id":"https:\/\/develo.webempire.hu\/#organization","name":"Develomed Gy\u00f3gytorna","url":"https:\/\/develo.webempire.hu\/","logo":{"@type":"ImageObject","inLanguage":"hu","@id":"https:\/\/develo.webempire.hu\/#\/schema\/logo\/image\/","url":"https:\/\/develo.webempire.hu\/wp-content\/uploads\/2025\/10\/logo_footer_gyor.svg","contentUrl":"https:\/\/develo.webempire.hu\/wp-content\/uploads\/2025\/10\/logo_footer_gyor.svg","width":1,"height":1,"caption":"Develomed Gy\u00f3gytorna"},"image":{"@id":"https:\/\/develo.webempire.hu\/#\/schema\/logo\/image\/"},"sameAs":["https:\/\/www.facebook.com\/profile.php?id=100063507312934"]}]}},"_links":{"self":[{"href":"https:\/\/develo.webempire.hu\/index.php\/wp-json\/wp\/v2\/pages\/13699","targetHints":{"allow":["GET"]}}],"collection":[{"href":"https:\/\/develo.webempire.hu\/index.php\/wp-json\/wp\/v2\/pages"}],"about":[{"href":"https:\/\/develo.webempire.hu\/index.php\/wp-json\/wp\/v2\/types\/page"}],"author":[{"embeddable":true,"href":"https:\/\/develo.webempire.hu\/index.php\/wp-json\/wp\/v2\/users\/1"}],"replies":[{"embeddable":true,"href":"https:\/\/develo.webempire.hu\/index.php\/wp-json\/wp\/v2\/comments?post=13699"}],"version-history":[{"count":5,"href":"https:\/\/develo.webempire.hu\/index.php\/wp-json\/wp\/v2\/pages\/13699\/revisions"}],"predecessor-version":[{"id":14091,"href":"https:\/\/develo.webempire.hu\/index.php\/wp-json\/wp\/v2\/pages\/13699\/revisions\/14091"}],"wp:featuredmedia":[{"embeddable":true,"href":"https:\/\/develo.webempire.hu\/index.php\/wp-json\/wp\/v2\/media\/14045"}],"wp:attachment":[{"href":"https:\/\/develo.webempire.hu\/index.php\/wp-json\/wp\/v2\/media?parent=13699"}],"curies":[{"name":"wp","href":"https:\/\/api.w.org\/{rel}","templated":true}]}}